{"id":92,"date":"2025-08-18T18:04:20","date_gmt":"2025-08-18T18:04:20","guid":{"rendered":"https:\/\/editarmidiaearte.com.br\/?page_id=92"},"modified":"2025-10-07T17:42:12","modified_gmt":"2025-10-07T20:42:12","slug":"quem-somos-2","status":"publish","type":"page","link":"https:\/\/editarmidiaearte.com.br\/?page_id=92","title":{"rendered":"Quem Somos"},"content":{"rendered":"<!-- Meta Pixel Code -->\n<script>\n!function(f,b,e,v,n,t,s)\n{if(f.fbq)return;n=f.fbq=function(){n.callMethod?\nn.callMethod.apply(n,arguments):n.queue.push(arguments)};\nif(!f._fbq)f._fbq=n;n.push=n;n.loaded=!0;n.version='2.0';\nn.queue=[];t=b.createElement(e);t.async=!0;\nt.src=v;s=b.getElementsByTagName(e)[0];\ns.parentNode.insertBefore(t,s)}(window, document,'script',\n'https:\/\/connect.facebook.net\/en_US\/fbevents.js');\nfbq('init', '1285067463161593');\nfbq('track', 'PageView');\n<\/script>\n<noscript><img height=\"1\" width=\"1\" style=\"display:none\"\nsrc=\"https:\/\/www.facebook.com\/tr?id=1285067463161593&#038;ev=PageView&#038;noscript=1\"\n\/><\/noscript>\n<!-- End Meta Pixel Code -->\n\n\n<figure class=\"wp-block-image alignfull size-full is-style-rounded is-style-rounded--1\"><img loading=\"lazy\" decoding=\"async\" width=\"2560\" height=\"1707\" src=\"https:\/\/editarmidiaearte.com.br\/wp-content\/uploads\/2025\/10\/comp-cabecalho-scaled.webp\" alt=\"\" class=\"wp-image-257\" srcset=\"https:\/\/editarmidiaearte.com.br\/wp-content\/uploads\/2025\/10\/comp-cabecalho-scaled.webp 2560w, https:\/\/editarmidiaearte.com.br\/wp-content\/uploads\/2025\/10\/comp-cabecalho-300x200.webp 300w, https:\/\/editarmidiaearte.com.br\/wp-content\/uploads\/2025\/10\/comp-cabecalho-1024x683.webp 1024w, https:\/\/editarmidiaearte.com.br\/wp-content\/uploads\/2025\/10\/comp-cabecalho-768x512.webp 768w, https:\/\/editarmidiaearte.com.br\/wp-content\/uploads\/2025\/10\/comp-cabecalho-1536x1024.webp 1536w, https:\/\/editarmidiaearte.com.br\/wp-content\/uploads\/2025\/10\/comp-cabecalho-2048x1365.webp 2048w\" sizes=\"auto, (max-width: 2560px) 100vw, 2560px\" \/><\/figure>\n\n\n\n<div class=\"wp-block-group alignfull has-base-2-background-color has-background has-global-padding is-layout-constrained wp-container-core-group-is-layout-3317f9b0 wp-block-group-is-layout-constrained\" style=\"padding-top:var(--wp--preset--spacing--10);padding-right:var(--wp--preset--spacing--50);padding-bottom:var(--wp--preset--spacing--10);padding-left:var(--wp--preset--spacing--50)\">\n<div class=\"wp-block-group has-global-padding is-layout-constrained wp-container-core-group-is-layout-650790e1 wp-block-group-is-layout-constrained\">\n<h1 class=\"wp-block-heading has-text-align-center has-x-large-font-size\">Compromisso total com o seu empreendimento<\/h1>\n\n\n\n<div style=\"height:1.25rem\" aria-hidden=\"true\" class=\"wp-block-spacer\"><\/div>\n\n\n\n<p class=\"has-text-align-center\">A Editar tem como finalidade principal a visibilidade do seu neg\u00f3cio. A satisfa\u00e7\u00e3o dos nossos clientes \u00e9 fruto de uma rela\u00e7\u00e3o de confian\u00e7a, constru\u00edda da parceria entre aqueles que buscam solu\u00e7\u00f5es para um melhor alcance de mercado e o comprometimento da nossa equipe em entregar resultados com qualidade e tempo h\u00e1bil.<\/p>\n<\/div>\n<\/div>\n\n\n\n<div class=\"wp-block-group alignfull has-background has-global-padding is-layout-constrained wp-container-core-group-is-layout-d89aad35 wp-block-group-is-layout-constrained\" style=\"background-color:#b8c0d5;margin-top:0;margin-bottom:0;padding-top:var(--wp--preset--spacing--50);padding-right:var(--wp--preset--spacing--50);padding-bottom:var(--wp--preset--spacing--50);padding-left:var(--wp--preset--spacing--50)\">\n<div class=\"wp-block-group alignwide has-global-padding is-layout-constrained wp-container-core-group-is-layout-19e250f3 wp-block-group-is-layout-constrained\">\n<div class=\"wp-block-group is-vertical is-content-justification-center is-layout-flex wp-container-core-group-is-layout-6329a8f3 wp-block-group-is-layout-flex\">\n<h2 class=\"wp-block-heading has-text-align-center\">Profissional respons\u00e1vel<\/h2>\n\n\n\n<p class=\"has-text-align-center\">A Editar M\u00eddia e Arte \u00e9 um servi\u00e7o administrado pelo jornalista Alex Pacheco, profissional de comunica\u00e7\u00e3o com larga experi\u00eancia em produ\u00e7\u00e3o e veicula\u00e7\u00e3o de m\u00eddias em diversos segmentos: Publicit\u00e1rio, cultural, informativo e entretenimento.<\/p>\n<\/div>\n\n\n\n<div style=\"height:var(--wp--preset--spacing--40)\" aria-hidden=\"true\" class=\"wp-block-spacer\"><\/div>\n\n\n\n<div class=\"wp-block-columns alignwide is-layout-flex wp-container-core-columns-is-layout-d1c656ed wp-block-columns-is-layout-flex\">\n<div class=\"wp-block-column is-vertically-aligned-center is-layout-flow wp-block-column-is-layout-flow\" style=\"flex-basis:40%\">\n<p>Alex Pacheco<\/p>\n\n\n\n<ul style=\"line-height:1.75\" class=\"wp-block-list is-style-checkmark-list\">\n<li><strong>Forma\u00e7\u00e3o:<\/strong>  Jornalismo (Universidade Tiradentes), P\u00f3s-gradua\u00e7\u00e3o \/ Artes Visuais (UFS)<\/li>\n\n\n\n<li><strong>Experi\u00eancia:<\/strong>  TV Atalaia, TV Alese, TV Cidade, ag\u00eancias publicit\u00e1rias e produtoras de v\u00eddeo por mais de 30 anos.<\/li>\n\n\n\n<li><strong>Atua\u00e7\u00e3o:<\/strong> Reda\u00e7\u00e3o, edi\u00e7\u00e3o, dire\u00e7\u00e3o de opera\u00e7\u00f5es, edi\u00e7\u00e3o de v\u00eddeo, dire\u00e7\u00e3o de imagens, videografismo, dire\u00e7\u00e3o de artes.<\/li>\n<\/ul>\n<\/div>\n\n\n\n<div class=\"wp-block-column is-layout-flow wp-block-column-is-layout-flow\" style=\"flex-basis:50%\">\n<figure class=\"wp-block-image size-large is-resized is-style-rounded is-style-rounded--2\"><img loading=\"lazy\" decoding=\"async\" width=\"1024\" height=\"1024\" src=\"https:\/\/editarmidiaearte.com.br\/wp-content\/uploads\/2025\/08\/Perfil-1024x1024.jpg\" alt=\"\" class=\"wp-image-96\" style=\"width:346px;height:auto\" srcset=\"https:\/\/editarmidiaearte.com.br\/wp-content\/uploads\/2025\/08\/Perfil-1024x1024.jpg 1024w, https:\/\/editarmidiaearte.com.br\/wp-content\/uploads\/2025\/08\/Perfil-300x300.jpg 300w, https:\/\/editarmidiaearte.com.br\/wp-content\/uploads\/2025\/08\/Perfil-150x150.jpg 150w, https:\/\/editarmidiaearte.com.br\/wp-content\/uploads\/2025\/08\/Perfil-768x768.jpg 768w, https:\/\/editarmidiaearte.com.br\/wp-content\/uploads\/2025\/08\/Perfil.jpg 1359w\" sizes=\"auto, (max-width: 1024px) 100vw, 1024px\" \/><\/figure>\n<\/div>\n<\/div>\n<\/div>\n<\/div>\n","protected":false},"excerpt":{"rendered":"<p>Compromisso total com o seu empreendimento A Editar tem como finalidade principal a visibilidade do seu neg\u00f3cio. A satisfa\u00e7\u00e3o dos nossos clientes \u00e9 fruto de uma rela\u00e7\u00e3o de confian\u00e7a, constru\u00edda da parceria entre aqueles que buscam solu\u00e7\u00f5es para um melhor alcance de mercado e o comprometimento da nossa equipe em entregar resultados com qualidade e [&hellip;]<\/p>\n","protected":false},"author":1,"featured_media":0,"parent":0,"menu_order":0,"comment_status":"closed","ping_status":"closed","template":"","meta":{"footnotes":""},"class_list":["post-92","page","type-page","status-publish","hentry"],"_links":{"self":[{"href":"https:\/\/editarmidiaearte.com.br\/index.php?rest_route=\/wp\/v2\/pages\/92","targetHints":{"allow":["GET"]}}],"collection":[{"href":"https:\/\/editarmidiaearte.com.br\/index.php?rest_route=\/wp\/v2\/pages"}],"about":[{"href":"https:\/\/editarmidiaearte.com.br\/index.php?rest_route=\/wp\/v2\/types\/page"}],"author":[{"embeddable":true,"href":"https:\/\/editarmidiaearte.com.br\/index.php?rest_route=\/wp\/v2\/users\/1"}],"replies":[{"embeddable":true,"href":"https:\/\/editarmidiaearte.com.br\/index.php?rest_route=%2Fwp%2Fv2%2Fcomments&post=92"}],"version-history":[{"count":7,"href":"https:\/\/editarmidiaearte.com.br\/index.php?rest_route=\/wp\/v2\/pages\/92\/revisions"}],"predecessor-version":[{"id":258,"href":"https:\/\/editarmidiaearte.com.br\/index.php?rest_route=\/wp\/v2\/pages\/92\/revisions\/258"}],"wp:attachment":[{"href":"https:\/\/editarmidiaearte.com.br\/index.php?rest_route=%2Fwp%2Fv2%2Fmedia&parent=92"}],"curies":[{"name":"wp","href":"https:\/\/api.w.org\/{rel}","templated":true}]}}