{"id":193,"date":"2025-10-06T16:27:14","date_gmt":"2025-10-06T19:27:14","guid":{"rendered":"https:\/\/editarmidiaearte.com.br\/?page_id=193"},"modified":"2025-10-07T17:36:39","modified_gmt":"2025-10-07T20:36:39","slug":"pacotes","status":"publish","type":"page","link":"https:\/\/editarmidiaearte.com.br\/?page_id=193","title":{"rendered":"Pacotes"},"content":{"rendered":"\n<div class=\"wp-block-cover alignfull is-light\" style=\"min-height:531px;aspect-ratio:unset;\"><img loading=\"lazy\" decoding=\"async\" width=\"1024\" height=\"427\" class=\"wp-block-cover__image-background wp-image-252 size-large\" alt=\"\" src=\"https:\/\/editarmidiaearte.com.br\/wp-content\/uploads\/2025\/10\/1-1024x427.webp\" style=\"object-position:100% 42%\" data-object-fit=\"cover\" data-object-position=\"100% 42%\" srcset=\"https:\/\/editarmidiaearte.com.br\/wp-content\/uploads\/2025\/10\/1-1024x427.webp 1024w, https:\/\/editarmidiaearte.com.br\/wp-content\/uploads\/2025\/10\/1-300x125.webp 300w, https:\/\/editarmidiaearte.com.br\/wp-content\/uploads\/2025\/10\/1-768x320.webp 768w, https:\/\/editarmidiaearte.com.br\/wp-content\/uploads\/2025\/10\/1-1536x640.webp 1536w, https:\/\/editarmidiaearte.com.br\/wp-content\/uploads\/2025\/10\/1-2048x853.webp 2048w\" sizes=\"auto, (max-width: 1024px) 100vw, 1024px\" \/><span aria-hidden=\"true\" class=\"wp-block-cover__background has-background-dim\" style=\"background-color:#b1aeb5\"><\/span><div class=\"wp-block-cover__inner-container has-global-padding is-layout-constrained wp-block-cover-is-layout-constrained\">\n<p class=\"has-text-align-center has-large-font-size\"><\/p>\n<\/div><\/div>\n\n\n\n<div class=\"wp-block-cover alignfull\" style=\"padding-right:var(--wp--preset--spacing--40);padding-left:var(--wp--preset--spacing--40)\"><span aria-hidden=\"true\" class=\"wp-block-cover__background has-background-dim-100 has-background-dim\" style=\"background-color:#487ba4\"><\/span><div class=\"wp-block-cover__inner-container has-global-padding is-layout-constrained wp-container-core-cover-is-layout-97829e9f wp-block-cover-is-layout-constrained\">\n<div class=\"wp-block-columns alignwide has-background is-layout-flex wp-container-core-columns-is-layout-13b5f443 wp-block-columns-is-layout-flex\" style=\"border-style:none;border-width:0px;border-radius:0px;background-color:#487ba4;margin-bottom:0;padding-right:var(--wp--preset--spacing--20);padding-left:var(--wp--preset--spacing--20)\">\n<div class=\"wp-block-column is-vertically-aligned-stretch has-base-background-color has-text-color has-background has-link-color wp-elements-222737f1274d30bb7060d1253af8872f is-layout-flow wp-block-column-is-layout-flow\" style=\"color:#000000;padding-top:2em;padding-right:2em;padding-bottom:2em;padding-left:2em\">\n<h2 class=\"wp-block-heading\" id=\"single\" style=\"font-size:clamp(24.034px, 1.502rem + ((1vw - 3.2px) * 1.663), 40px);\"><strong>B\u00e1sico<\/strong><\/h2>\n\n\n\n<p class=\"has-normal-font-size\" style=\"line-height:1.5\"><strong>(12 posts\/m\u00eas + stories + respostas)<\/strong><\/p>\n\n\n\n<hr class=\"wp-block-separator has-text-color has-css-opacity has-background is-style-wide\" style=\"background-color:#000000;color:#000000\"\/>\n\n\n\n<ul class=\"wp-block-list has-normal-font-size\">\n<li>Produ\u00e7\u00e3o de imagens em cards (promocionais ou institucionais)<\/li>\n\n\n\n<li>Stories (repost do feed ou material produzido e enviado pelo cliente: &#8220;fotos, v\u00eddeos, promos)<\/li>\n\n\n\n<li>Acompanhamento do perfil e respostas no direct.<\/li>\n<\/ul>\n\n\n\n<div style=\"height:12px\" aria-hidden=\"true\" class=\"wp-block-spacer\"><\/div>\n\n\n\n<div class=\"wp-block-buttons alignfull is-horizontal is-content-justification-center is-layout-flex wp-container-core-buttons-is-layout-d072e305 wp-block-buttons-is-layout-flex\">\n<div class=\"wp-block-button has-custom-width wp-block-button__width-100\"><a class=\"wp-block-button__link has-white-color has-text-color has-background no-border-radius wp-element-button\" href=\"https:\/\/editarmidiaearte.com.br\/?page_id=101\" style=\"background-color:#000000\">R$ 800,00 (m\u00eas)<\/a><\/div>\n<\/div>\n<\/div>\n\n\n\n<div class=\"wp-block-column is-vertically-aligned-stretch has-base-background-color has-text-color has-background has-link-color wp-elements-aa99ee7847d8b7847d00820d4da41f9f is-layout-flow wp-block-column-is-layout-flow\" style=\"color:#000000;padding-top:2em;padding-right:2em;padding-bottom:2em;padding-left:2em\">\n<h2 class=\"wp-block-heading\" id=\"family\" style=\"font-size:clamp(24.034px, 1.502rem + ((1vw - 3.2px) * 1.663), 40px);\"><strong>Essencial<\/strong><\/h2>\n\n\n\n<p class=\"has-normal-font-size\" style=\"line-height:1.5\"><strong>B\u00e1sico + 1 campanha de tr\u00e1fego pago\/m\u00eas + relat\u00f3rio timestral<\/strong><\/p>\n\n\n\n<hr class=\"wp-block-separator has-css-opacity is-style-wide\"\/>\n\n\n\n<ul class=\"wp-block-list has-normal-font-size\">\n<li>Conte\u00fado do pacote b\u00e1sico<\/li>\n\n\n\n<li>Gerenciamento do tr\u00e1fego pago de uma rede social (Meta ou Google ADS)<\/li>\n\n\n\n<li>Relat\u00f3rio trimestral de desempenho.<\/li>\n<\/ul>\n\n\n\n<div style=\"height:62px\" aria-hidden=\"true\" class=\"wp-block-spacer\"><\/div>\n\n\n\n<div class=\"wp-block-buttons alignfull is-horizontal is-content-justification-center is-layout-flex wp-container-core-buttons-is-layout-d072e305 wp-block-buttons-is-layout-flex\">\n<div class=\"wp-block-button has-custom-width wp-block-button__width-100 is-style-fill\"><a class=\"wp-block-button__link has-white-color has-text-color has-background no-border-radius wp-element-button\" href=\"https:\/\/editarmidiaearte.com.br\/?page_id=101\" style=\"background-color:#000000\">R$ 1.200,00 (m\u00eas)<\/a><\/div>\n<\/div>\n<\/div>\n\n\n\n<div class=\"wp-block-column is-vertically-aligned-stretch has-border-color has-base-2-border-color has-base-background-color has-text-color has-background has-link-color wp-elements-d870eb7a7a4c37e17e18d679c3cfc4d6 is-layout-flow wp-block-column-is-layout-flow\" style=\"color:#000000;padding-top:2em;padding-right:2em;padding-bottom:2em;padding-left:2em\">\n<h2 class=\"wp-block-heading\" id=\"patron\" style=\"font-size:clamp(24.034px, 1.502rem + ((1vw - 3.2px) * 1.663), 40px);\"><strong>Master<\/strong><\/h2>\n\n\n\n<p class=\"has-normal-font-size\"><strong>Essencial + produ\u00e7\u00e3o de 2 v\u00eddeos\/m\u00eas + estrat\u00e9gia de conte\u00fado avan\u00e7ada<\/strong><\/p>\n\n\n\n<hr class=\"wp-block-separator has-css-opacity is-style-wide\"\/>\n\n\n\n<ul class=\"wp-block-list has-normal-font-size\">\n<li>Conte\u00fado do pacote b\u00e1sico+essencial<\/li>\n\n\n\n<li>Gerenciamento de tr\u00e1fego de 02 plataformas (Meta, Google ou outra escolha)<\/li>\n\n\n\n<li>Produ\u00e7\u00e3o de dois v\u00eddeos<\/li>\n\n\n\n<li>Desenvolvimento de estrat\u00e9gias avan\u00e7adas de conte\u00fado<\/li>\n<\/ul>\n\n\n\n<div class=\"wp-block-buttons alignfull is-horizontal is-content-justification-center is-layout-flex wp-container-core-buttons-is-layout-d072e305 wp-block-buttons-is-layout-flex\">\n<div class=\"wp-block-button has-custom-width wp-block-button__width-100\"><a class=\"wp-block-button__link has-white-color has-text-color has-background no-border-radius wp-element-button\" href=\"https:\/\/editarmidiaearte.com.br\/?page_id=101\" style=\"background-color:#000000\">R$ 1.500,00 (m\u00eas)<\/a><\/div>\n<\/div>\n<\/div>\n<\/div>\n<\/div><\/div>\n","protected":false},"excerpt":{"rendered":"","protected":false},"author":1,"featured_media":0,"parent":0,"menu_order":0,"comment_status":"closed","ping_status":"closed","template":"page-no-title","meta":{"footnotes":""},"class_list":["post-193","page","type-page","status-publish","hentry"],"_links":{"self":[{"href":"https:\/\/editarmidiaearte.com.br\/index.php?rest_route=\/wp\/v2\/pages\/193","targetHints":{"allow":["GET"]}}],"collection":[{"href":"https:\/\/editarmidiaearte.com.br\/index.php?rest_route=\/wp\/v2\/pages"}],"about":[{"href":"https:\/\/editarmidiaearte.com.br\/index.php?rest_route=\/wp\/v2\/types\/page"}],"author":[{"embeddable":true,"href":"https:\/\/editarmidiaearte.com.br\/index.php?rest_route=\/wp\/v2\/users\/1"}],"replies":[{"embeddable":true,"href":"https:\/\/editarmidiaearte.com.br\/index.php?rest_route=%2Fwp%2Fv2%2Fcomments&post=193"}],"version-history":[{"count":4,"href":"https:\/\/editarmidiaearte.com.br\/index.php?rest_route=\/wp\/v2\/pages\/193\/revisions"}],"predecessor-version":[{"id":256,"href":"https:\/\/editarmidiaearte.com.br\/index.php?rest_route=\/wp\/v2\/pages\/193\/revisions\/256"}],"wp:attachment":[{"href":"https:\/\/editarmidiaearte.com.br\/index.php?rest_route=%2Fwp%2Fv2%2Fmedia&parent=193"}],"curies":[{"name":"wp","href":"https:\/\/api.w.org\/{rel}","templated":true}]}}