{"id":17,"date":"2025-08-15T14:04:15","date_gmt":"2025-08-15T14:04:15","guid":{"rendered":"https:\/\/editarmidiaearte.com.br\/?page_id=17"},"modified":"2025-10-07T18:54:04","modified_gmt":"2025-10-07T21:54:04","slug":"home","status":"publish","type":"page","link":"https:\/\/editarmidiaearte.com.br\/","title":{"rendered":"Home"},"content":{"rendered":"<p><!-- Meta Pixel Code --><br \/>\n<script><br \/>\n!function(f,b,e,v,n,t,s)<br \/>\n{if(f.fbq)return;n=f.fbq=function(){n.callMethod?<br \/>\nn.callMethod.apply(n,arguments):n.queue.push(arguments)};<br \/>\nif(!f._fbq)f._fbq=n;n.push=n;n.loaded=!0;n.version='2.0';<br \/>\nn.queue=[];t=b.createElement(e);t.async=!0;<br \/>\nt.src=v;s=b.getElementsByTagName(e)[0];<br \/>\ns.parentNode.insertBefore(t,s)}(window, document,'script',<br \/>\n'https:\/\/connect.facebook.net\/en_US\/fbevents.js');<br \/>\nfbq('init', '1285067463161593');<br \/>\nfbq('track', 'PageView');<br \/>\n<\/script><br \/>\n<noscript><img height=\"1\" width=\"1\" style=\"display:none\"\nsrc=\"https:\/\/www.facebook.com\/tr?id=1285067463161593&#038;ev=PageView&#038;noscript=1\"\n\/><\/noscript><br \/>\n<!-- End Meta Pixel Code --><\/p>\n\n\n<figure class=\"wp-block-image alignfull size-large\"><img loading=\"lazy\" decoding=\"async\" width=\"1024\" height=\"427\" src=\"https:\/\/editarmidiaearte.com.br\/wp-content\/uploads\/2025\/10\/1-1024x427.webp\" alt=\"\" class=\"wp-image-252\" srcset=\"https:\/\/editarmidiaearte.com.br\/wp-content\/uploads\/2025\/10\/1-1024x427.webp 1024w, https:\/\/editarmidiaearte.com.br\/wp-content\/uploads\/2025\/10\/1-300x125.webp 300w, https:\/\/editarmidiaearte.com.br\/wp-content\/uploads\/2025\/10\/1-768x320.webp 768w, https:\/\/editarmidiaearte.com.br\/wp-content\/uploads\/2025\/10\/1-1536x640.webp 1536w, https:\/\/editarmidiaearte.com.br\/wp-content\/uploads\/2025\/10\/1-2048x853.webp 2048w\" sizes=\"auto, (max-width: 1024px) 100vw, 1024px\" \/><\/figure>\n\n\n\n<div style=\"height:33px\" aria-hidden=\"true\" class=\"wp-block-spacer\"><\/div>\n\n\n\n<h2 class=\"wp-block-heading alignwide has-text-align-center has-system-sans-serif-font-family\" style=\"font-style:normal;font-weight:500\">Transforme a imagem do seu neg\u00f3cio.<\/h2>\n\n\n\n<p class=\"has-text-align-center has-medium-font-size\">Adicionando conte\u00fado de valor, que represente o potencial da sua empresa, somado a um atendimento r\u00e1pido e eficiente.  <\/p>\n\n\n\n<div style=\"height:53px\" aria-hidden=\"true\" class=\"wp-block-spacer\"><\/div>\n\n\n\n<div class=\"wp-block-cover alignfull wp-duotone-unset-1\" style=\"padding-right:var(--wp--preset--spacing--40);padding-left:var(--wp--preset--spacing--40)\"><span aria-hidden=\"true\" class=\"wp-block-cover__background has-background-dim-100 has-background-dim\" style=\"background-color:#075092\"><\/span><div class=\"wp-block-cover__inner-container is-layout-flow wp-container-core-cover-is-layout-2feaf3e9 wp-block-cover-is-layout-flow\">\n<div class=\"wp-block-group alignwide has-global-padding is-layout-constrained wp-block-group-is-layout-constrained\">\n<div class=\"wp-block-columns alignwide is-layout-flex wp-container-core-columns-is-layout-28f84493 wp-block-columns-is-layout-flex\">\n<div class=\"wp-block-column is-layout-flow wp-block-column-is-layout-flow\">\n<div style=\"height:6px\" aria-hidden=\"true\" class=\"wp-block-spacer\"><\/div>\n\n\n\n<figure class=\"wp-block-image size-large\"><img loading=\"lazy\" decoding=\"async\" width=\"683\" height=\"1024\" src=\"https:\/\/editarmidiaearte.com.br\/wp-content\/uploads\/2025\/10\/Imagem-1_-Gestao-de--683x1024.webp\" alt=\"\" class=\"wp-image-301\" srcset=\"https:\/\/editarmidiaearte.com.br\/wp-content\/uploads\/2025\/10\/Imagem-1_-Gestao-de--683x1024.webp 683w, https:\/\/editarmidiaearte.com.br\/wp-content\/uploads\/2025\/10\/Imagem-1_-Gestao-de--200x300.webp 200w, https:\/\/editarmidiaearte.com.br\/wp-content\/uploads\/2025\/10\/Imagem-1_-Gestao-de--768x1152.webp 768w, https:\/\/editarmidiaearte.com.br\/wp-content\/uploads\/2025\/10\/Imagem-1_-Gestao-de-.webp 1024w\" sizes=\"auto, (max-width: 683px) 100vw, 683px\" \/><\/figure>\n\n\n\n<div class=\"wp-block-group is-nowrap is-layout-flex wp-container-core-group-is-layout-6c531013 wp-block-group-is-layout-flex\">\n<p class=\"has-small-font-size\" style=\"margin-top:0;margin-bottom:0\">N\u00e3o basta&nbsp;estar&nbsp;nas redes sociais, \u00e9 preciso&nbsp;<strong>gerar resultados<\/strong>. N\u00f3s cuidamos de tudo: planejamos conte\u00fados alinhados \u00e0 sua marca, interagimos com seu p\u00fablico e otimizamos hor\u00e1rios de postagem. Deixe o algoritmo trabalhar a seu favor, enquanto voc\u00ea foca no que realmente importa:&nbsp;<strong>seu neg\u00f3cio<\/strong>.<\/p>\n<\/div>\n\n\n\n<p class=\"has-base-2-color has-text-color has-link-color has-small-font-size wp-elements-fb4e907c32648e4048245acf2d9eb250\"><a href=\"https:\/\/editarmidiaearte.com.br\/?page_id=112\" data-type=\"page\" data-id=\"112\">Saiba mais<\/a><\/p>\n<\/div>\n\n\n\n<div class=\"wp-block-column is-layout-flow wp-block-column-is-layout-flow\">\n<div style=\"height:26px\" aria-hidden=\"true\" class=\"wp-block-spacer\"><\/div>\n\n\n\n<figure class=\"wp-block-image size-large\" style=\"margin-top:0;margin-bottom:0\"><img loading=\"lazy\" decoding=\"async\" width=\"683\" height=\"1024\" src=\"https:\/\/editarmidiaearte.com.br\/wp-content\/uploads\/2025\/10\/Imagem-2_-Trafego-Pa-683x1024.webp\" alt=\"\" class=\"wp-image-303\" srcset=\"https:\/\/editarmidiaearte.com.br\/wp-content\/uploads\/2025\/10\/Imagem-2_-Trafego-Pa-683x1024.webp 683w, https:\/\/editarmidiaearte.com.br\/wp-content\/uploads\/2025\/10\/Imagem-2_-Trafego-Pa-200x300.webp 200w, https:\/\/editarmidiaearte.com.br\/wp-content\/uploads\/2025\/10\/Imagem-2_-Trafego-Pa-768x1152.webp 768w, https:\/\/editarmidiaearte.com.br\/wp-content\/uploads\/2025\/10\/Imagem-2_-Trafego-Pa.webp 1024w\" sizes=\"auto, (max-width: 683px) 100vw, 683px\" \/><\/figure>\n\n\n\n<div class=\"wp-block-group is-nowrap is-layout-flex wp-container-core-group-is-layout-6c531013 wp-block-group-is-layout-flex\">\n<p class=\"has-small-font-size\">Sua marca merece ser vista por quem&nbsp;<strong>realmente importa<\/strong>. Criamos campanhas inteligentes no Meta Ads e Google Ads, direcionando seu an\u00fancio para o p\u00fablico certo, na hora certa. Com or\u00e7amento controlado e relat\u00f3rios transparentes, voc\u00ea transforma investimento em&nbsp;<strong>clientes qualificados<\/strong>.<\/p>\n<\/div>\n\n\n\n<div style=\"height:1px\" aria-hidden=\"true\" class=\"wp-block-spacer\"><\/div>\n\n\n\n<p class=\"has-base-2-color has-text-color has-link-color has-small-font-size wp-elements-fb4e907c32648e4048245acf2d9eb250\"><a href=\"https:\/\/editarmidiaearte.com.br\/?page_id=112\" data-type=\"page\" data-id=\"112\">Saiba mais<\/a><\/p>\n<\/div>\n\n\n\n<div class=\"wp-block-column is-layout-flow wp-block-column-is-layout-flow\">\n<div style=\"height:7px\" aria-hidden=\"true\" class=\"wp-block-spacer\"><\/div>\n\n\n\n<figure class=\"wp-block-image size-large\"><img loading=\"lazy\" decoding=\"async\" width=\"683\" height=\"1024\" src=\"https:\/\/editarmidiaearte.com.br\/wp-content\/uploads\/2025\/10\/Imagem-3_-Producao-d-683x1024.webp\" alt=\"\" class=\"wp-image-304\" srcset=\"https:\/\/editarmidiaearte.com.br\/wp-content\/uploads\/2025\/10\/Imagem-3_-Producao-d-683x1024.webp 683w, https:\/\/editarmidiaearte.com.br\/wp-content\/uploads\/2025\/10\/Imagem-3_-Producao-d-200x300.webp 200w, https:\/\/editarmidiaearte.com.br\/wp-content\/uploads\/2025\/10\/Imagem-3_-Producao-d-768x1152.webp 768w, https:\/\/editarmidiaearte.com.br\/wp-content\/uploads\/2025\/10\/Imagem-3_-Producao-d.webp 1024w\" sizes=\"auto, (max-width: 683px) 100vw, 683px\" \/><\/figure>\n\n\n\n<div class=\"wp-block-group is-nowrap is-layout-flex wp-container-core-group-is-layout-6c531013 wp-block-group-is-layout-flex\">\n<p class=\"has-small-font-size\" style=\"margin-top:0;margin-bottom:0;padding-top:0;padding-bottom:0\">Conte\u00fado \u00e9 a&nbsp;<strong>voz da sua marca<\/strong>. Desenvolvemos textos, imagens e v\u00eddeos que conversam diretamente com seu cliente, contando sua hist\u00f3ria de forma aut\u00eantica. Seja para educar, inspirar ou vender, cada pe\u00e7a \u00e9 pensada para fortalecer seu prop\u00f3sito e&nbsp;<strong>converter seguidores em compradores<\/strong>.<\/p>\n<\/div>\n\n\n\n<p class=\"has-base-2-color has-text-color has-link-color has-small-font-size wp-elements-fb4e907c32648e4048245acf2d9eb250\"><a href=\"https:\/\/editarmidiaearte.com.br\/?page_id=112\" data-type=\"page\" data-id=\"112\">Saiba mais<\/a><\/p>\n<\/div>\n<\/div>\n<\/div>\n<\/div><\/div>\n\n\n\n<p><\/p>\n","protected":false},"excerpt":{"rendered":"<p>Transforme a imagem do seu neg\u00f3cio. Adicionando conte\u00fado de valor, que represente o potencial da sua empresa, somado a um atendimento r\u00e1pido e eficiente.<\/p>\n","protected":false},"author":1,"featured_media":0,"parent":0,"menu_order":0,"comment_status":"closed","ping_status":"closed","template":"page-no-title","meta":{"footnotes":""},"class_list":["post-17","page","type-page","status-publish","hentry"],"_links":{"self":[{"href":"https:\/\/editarmidiaearte.com.br\/index.php?rest_route=\/wp\/v2\/pages\/17","targetHints":{"allow":["GET"]}}],"collection":[{"href":"https:\/\/editarmidiaearte.com.br\/index.php?rest_route=\/wp\/v2\/pages"}],"about":[{"href":"https:\/\/editarmidiaearte.com.br\/index.php?rest_route=\/wp\/v2\/types\/page"}],"author":[{"embeddable":true,"href":"https:\/\/editarmidiaearte.com.br\/index.php?rest_route=\/wp\/v2\/users\/1"}],"replies":[{"embeddable":true,"href":"https:\/\/editarmidiaearte.com.br\/index.php?rest_route=%2Fwp%2Fv2%2Fcomments&post=17"}],"version-history":[{"count":57,"href":"https:\/\/editarmidiaearte.com.br\/index.php?rest_route=\/wp\/v2\/pages\/17\/revisions"}],"predecessor-version":[{"id":311,"href":"https:\/\/editarmidiaearte.com.br\/index.php?rest_route=\/wp\/v2\/pages\/17\/revisions\/311"}],"wp:attachment":[{"href":"https:\/\/editarmidiaearte.com.br\/index.php?rest_route=%2Fwp%2Fv2%2Fmedia&parent=17"}],"curies":[{"name":"wp","href":"https:\/\/api.w.org\/{rel}","templated":true}]}}