{"id":112,"date":"2025-08-19T12:29:41","date_gmt":"2025-08-19T15:29:41","guid":{"rendered":"https:\/\/editarmidiaearte.com.br\/?page_id=112"},"modified":"2025-11-06T15:55:47","modified_gmt":"2025-11-06T18:55:47","slug":"servicos-2","status":"publish","type":"page","link":"https:\/\/editarmidiaearte.com.br\/?page_id=112","title":{"rendered":"Servi\u00e7os"},"content":{"rendered":"\n<!-- Meta Pixel Code -->\n<script>\n!function(f,b,e,v,n,t,s)\n{if(f.fbq)return;n=f.fbq=function(){n.callMethod?\nn.callMethod.apply(n,arguments):n.queue.push(arguments)};\nif(!f._fbq)f._fbq=n;n.push=n;n.loaded=!0;n.version='2.0';\nn.queue=[];t=b.createElement(e);t.async=!0;\nt.src=v;s=b.getElementsByTagName(e)[0];\ns.parentNode.insertBefore(t,s)}(window, document,'script',\n'https:\/\/connect.facebook.net\/en_US\/fbevents.js');\nfbq('init', '1285067463161593');\nfbq('track', 'PageView');\n<\/script>\n<noscript><img height=\"1\" width=\"1\" style=\"display:none\"\nsrc=\"https:\/\/www.facebook.com\/tr?id=1285067463161593&#038;ev=PageView&#038;noscript=1\"\n\/><\/noscript>\n<!-- End Meta Pixel Code -->\n\n\n\n<div class=\"wp-block-cover alignfull is-light\"><img loading=\"lazy\" decoding=\"async\" width=\"1024\" height=\"427\" class=\"wp-block-cover__image-background wp-image-252 size-large\" alt=\"\" src=\"https:\/\/editarmidiaearte.com.br\/wp-content\/uploads\/2025\/10\/1-1024x427.webp\" data-object-fit=\"cover\" srcset=\"https:\/\/editarmidiaearte.com.br\/wp-content\/uploads\/2025\/10\/1-1024x427.webp 1024w, https:\/\/editarmidiaearte.com.br\/wp-content\/uploads\/2025\/10\/1-300x125.webp 300w, https:\/\/editarmidiaearte.com.br\/wp-content\/uploads\/2025\/10\/1-768x320.webp 768w, https:\/\/editarmidiaearte.com.br\/wp-content\/uploads\/2025\/10\/1-1536x640.webp 1536w, https:\/\/editarmidiaearte.com.br\/wp-content\/uploads\/2025\/10\/1-2048x853.webp 2048w\" sizes=\"auto, (max-width: 1024px) 100vw, 1024px\" \/><span aria-hidden=\"true\" class=\"wp-block-cover__background has-background-dim\" style=\"background-color:#b1aeb5\"><\/span><div class=\"wp-block-cover__inner-container has-global-padding is-layout-constrained wp-block-cover-is-layout-constrained\">\n<h3 class=\"wp-block-heading alignwide has-text-align-right has-text-color has-link-color has-body-font-family wp-elements-6c7ed2355523b0e3bf8ef42bb45737de\" style=\"border-radius:0px;color:#434e83ba;margin-right:0;margin-left:0;padding-right:var(--wp--preset--spacing--50);padding-left:var(--wp--preset--spacing--50);font-size:clamp(3.388rem, 3.388rem + ((1vw - 0.2rem) * 5.853), 6.9rem);font-style:normal;font-weight:800\"><strong>Servi\u00e7os <\/strong><\/h3>\n<\/div><\/div>\n\n\n\n<div class=\"wp-block-columns alignfull has-background is-layout-flex wp-container-core-columns-is-layout-41468d0b wp-block-columns-is-layout-flex\" style=\"border-style:none;border-width:0px;background-color:#3278a6;margin-top:0;margin-bottom:0;padding-top:var(--wp--preset--spacing--20);padding-right:var(--wp--preset--spacing--30);padding-bottom:var(--wp--preset--spacing--20);padding-left:var(--wp--preset--spacing--30)\">\n<div class=\"wp-block-column is-vertically-aligned-top has-global-padding is-content-justification-center is-layout-constrained wp-block-column-is-layout-constrained\" style=\"padding-top:0;padding-bottom:0\">\n<blockquote class=\"wp-block-quote alignfull is-style-default has-body-font-family has-small-font-size is-layout-flow wp-container-core-quote-is-layout-192cf8dc wp-block-quote-is-layout-flow\" style=\"border-style:none;border-width:0px;border-radius:26px;margin-top:0;margin-right:var(--wp--preset--spacing--10);margin-bottom:0;margin-left:var(--wp--preset--spacing--10);padding-top:var(--wp--preset--spacing--30);padding-right:var(--wp--preset--spacing--20);padding-bottom:var(--wp--preset--spacing--30);padding-left:var(--wp--preset--spacing--20)\">\n<h4 class=\"wp-block-heading has-text-align-center has-contrast-color has-text-color has-link-color has-body-font-family has-medium-font-size wp-elements-847499bab5189b4c43eaad54c5230417\" id=\"gestaoredes\"><strong>Gest\u00e3o de Redes Sociais<\/strong><\/h4>\n\n\n\n<div style=\"height:46px\" aria-hidden=\"true\" class=\"wp-block-spacer\"><\/div>\n\n\n\n<p>Administramos suas redes sociais (Instagram, Facebook, LinkedIn etc.) com conte\u00fado estrat\u00e9gico, intera\u00e7\u00e3o com seguidores e relat\u00f3rios mensais de desempenho.<\/p>\n\n\n\n<p><strong>Inclui:<\/strong><\/p>\n\n\n\n<ul class=\"wp-block-list\">\n<li>Planejamento mensal de conte\u00fado (temas, formatos, hor\u00e1rios).<\/li>\n\n\n\n<li>Cria\u00e7\u00e3o de artes est\u00e1ticas (vinculadas ao pacote contratado).<\/li>\n\n\n\n<li>Publica\u00e7\u00e3o e monitoramento de coment\u00e1rios\/mensagens.<br><strong>Observa\u00e7\u00f5es:<\/strong><\/li>\n\n\n\n<li>V\u00eddeos e fotos dos produtos\/ambiente devem ser fornecidos pelo cliente.<\/li>\n\n\n\n<li>Conte\u00fado extra (v\u00eddeos editados, fotos profissionais) tem custo adicional.<\/li>\n<\/ul>\n<\/blockquote>\n<\/div>\n\n\n\n<div class=\"wp-block-column is-vertically-aligned-top has-global-padding is-content-justification-center is-layout-constrained wp-block-column-is-layout-constrained\" style=\"padding-top:0;padding-bottom:0\">\n<blockquote class=\"wp-block-quote alignfull is-style-default has-body-font-family has-small-font-size is-layout-flow wp-container-core-quote-is-layout-192cf8dc wp-block-quote-is-layout-flow\" style=\"border-style:none;border-width:0px;border-radius:26px;margin-top:0;margin-right:var(--wp--preset--spacing--10);margin-bottom:0;margin-left:var(--wp--preset--spacing--10);padding-top:var(--wp--preset--spacing--30);padding-right:var(--wp--preset--spacing--20);padding-bottom:var(--wp--preset--spacing--30);padding-left:var(--wp--preset--spacing--20)\">\n<h4 class=\"wp-block-heading has-text-align-center has-contrast-color has-text-color has-link-color has-body-font-family has-medium-font-size wp-elements-b3f1f99b8cd91096e6c4b852f230f3d6\" id=\"trafegopago\"><strong>Tr\u00e1fego Pago<\/strong><\/h4>\n\n\n\n<div style=\"height:47px\" aria-hidden=\"true\" class=\"wp-block-spacer\"><\/div>\n\n\n\n<p>Criamos e gerenciamos campanhas patrocinadas no Meta Ads e Google Ads para ampliar seu alcance e gerar leads.<\/p>\n\n\n\n<p><br><strong>Inclui:<\/strong><\/p>\n\n\n\n<ul class=\"wp-block-list\">\n<li>Configura\u00e7\u00e3o de p\u00fablicos, or\u00e7amento e criativos.<\/li>\n\n\n\n<li>Relat\u00f3rio de resultados (clicados, impress\u00f5es, visualiza\u00e7\u00f5es, convers\u00f5es).<br><strong>Observa\u00e7\u00f5es:<\/strong><\/li>\n\n\n\n<li>O or\u00e7amento de m\u00eddia (valor investido nas plataformas) \u00e9 de responsabilidade do cliente.<\/li>\n\n\n\n<li>N\u00e3o garantimos resultados espec\u00edficos (ex: &#8220;X vendas&#8221;), pois variam com mercado, sazonalidade e oferta.                                                             <\/li>\n<\/ul>\n<\/blockquote>\n<\/div>\n\n\n\n<div class=\"wp-block-column is-vertically-aligned-top has-global-padding is-content-justification-center is-layout-constrained wp-block-column-is-layout-constrained\" style=\"padding-top:0;padding-bottom:0\">\n<blockquote class=\"wp-block-quote alignfull is-style-default has-body-font-family has-small-font-size is-layout-flow wp-container-core-quote-is-layout-192cf8dc wp-block-quote-is-layout-flow\" style=\"border-style:none;border-width:0px;border-radius:26px;margin-top:0;margin-right:var(--wp--preset--spacing--10);margin-bottom:0;margin-left:var(--wp--preset--spacing--10);padding-top:var(--wp--preset--spacing--30);padding-right:var(--wp--preset--spacing--20);padding-bottom:var(--wp--preset--spacing--30);padding-left:var(--wp--preset--spacing--20)\">\n<h4 class=\"wp-block-heading has-text-align-center has-contrast-color has-text-color has-link-color has-body-font-family has-medium-font-size wp-elements-8465358e9c6caccfac382f8dcf18632b\" id=\"producaodeconteudo\"><strong>Produ\u00e7\u00e3o de Conte\u00fado<\/strong><\/h4>\n\n\n\n<div style=\"height:48px\" aria-hidden=\"true\" class=\"wp-block-spacer\"><\/div>\n\n\n\n<p>Criamos pe\u00e7as visuais (est\u00e1ticas e em v\u00eddeo) e textos para suas redes sociais, site ou campanhas.<\/p>\n\n\n\n<p><br><strong>Inclui:<\/strong><\/p>\n\n\n\n<ul class=\"wp-block-list\">\n<li>Briefing criativo + padroniza\u00e7\u00e3o de identidade visual.<\/li>\n\n\n\n<li>Arte para posts, stories e capas.<\/li>\n\n\n\n<li>Reda\u00e7\u00e3o adaptada ao discurso da marca.<br><strong>Observa\u00e7\u00f5es:<\/strong><\/li>\n\n\n\n<li>Edi\u00e7\u00e3o de v\u00eddeos complexos (motion graphics, anima\u00e7\u00f5es) n\u00e3o est\u00e1 inclu\u00edda em pacotes b\u00e1sicos.<\/li>\n\n\n\n<li>Fotografia profissional e filmagem \u00e9 servi\u00e7o adicional (dispon\u00edvel para a regi\u00e3o de Sergipe).<\/li>\n<\/ul>\n<\/blockquote>\n<\/div>\n<\/div>\n\n\n\n<div class=\"wp-block-columns alignfull has-background is-layout-flex wp-container-core-columns-is-layout-27468673 wp-block-columns-is-layout-flex\" style=\"background-color:#3278a6;margin-top:0;margin-bottom:0;padding-top:var(--wp--preset--spacing--10);padding-right:var(--wp--preset--spacing--40);padding-bottom:var(--wp--preset--spacing--10);padding-left:var(--wp--preset--spacing--40)\">\n<div class=\"wp-block-column is-layout-flow wp-block-column-is-layout-flow\">\n<div class=\"wp-block-buttons is-content-justification-center is-layout-flex wp-container-core-buttons-is-layout-a89b3969 wp-block-buttons-is-layout-flex\">\n<div class=\"wp-block-button is-style-fill\"><a class=\"wp-block-button__link has-contrast-color has-base-2-background-color has-text-color has-background has-link-color wp-element-button\" href=\"https:\/\/editarmidiaearte.com.br\/?page_id=193\">Pacotes<\/a><\/div>\n<\/div>\n<\/div>\n<\/div>\n\n\n\n<p><\/p>\n","protected":false},"excerpt":{"rendered":"<p>Gest\u00e3o de Redes Sociais Administramos suas redes sociais (Instagram, Facebook, LinkedIn etc.) com conte\u00fado estrat\u00e9gico, intera\u00e7\u00e3o com seguidores e relat\u00f3rios mensais de desempenho. Inclui: Tr\u00e1fego Pago Criamos e gerenciamos campanhas patrocinadas no Meta Ads e Google Ads para ampliar seu alcance e gerar leads. Inclui: Produ\u00e7\u00e3o de Conte\u00fado Criamos pe\u00e7as visuais (est\u00e1ticas e em v\u00eddeo) [&hellip;]<\/p>\n","protected":false},"author":1,"featured_media":0,"parent":0,"menu_order":0,"comment_status":"closed","ping_status":"closed","template":"","meta":{"footnotes":""},"class_list":["post-112","page","type-page","status-publish","hentry"],"_links":{"self":[{"href":"https:\/\/editarmidiaearte.com.br\/index.php?rest_route=\/wp\/v2\/pages\/112","targetHints":{"allow":["GET"]}}],"collection":[{"href":"https:\/\/editarmidiaearte.com.br\/index.php?rest_route=\/wp\/v2\/pages"}],"about":[{"href":"https:\/\/editarmidiaearte.com.br\/index.php?rest_route=\/wp\/v2\/types\/page"}],"author":[{"embeddable":true,"href":"https:\/\/editarmidiaearte.com.br\/index.php?rest_route=\/wp\/v2\/users\/1"}],"replies":[{"embeddable":true,"href":"https:\/\/editarmidiaearte.com.br\/index.php?rest_route=%2Fwp%2Fv2%2Fcomments&post=112"}],"version-history":[{"count":51,"href":"https:\/\/editarmidiaearte.com.br\/index.php?rest_route=\/wp\/v2\/pages\/112\/revisions"}],"predecessor-version":[{"id":347,"href":"https:\/\/editarmidiaearte.com.br\/index.php?rest_route=\/wp\/v2\/pages\/112\/revisions\/347"}],"wp:attachment":[{"href":"https:\/\/editarmidiaearte.com.br\/index.php?rest_route=%2Fwp%2Fv2%2Fmedia&parent=112"}],"curies":[{"name":"wp","href":"https:\/\/api.w.org\/{rel}","templated":true}]}}