{"id":101,"date":"2025-08-18T19:57:15","date_gmt":"2025-08-18T19:57:15","guid":{"rendered":"https:\/\/editarmidiaearte.com.br\/?page_id=101"},"modified":"2025-10-07T17:35:27","modified_gmt":"2025-10-07T20:35:27","slug":"fale-conosco","status":"publish","type":"page","link":"https:\/\/editarmidiaearte.com.br\/?page_id=101","title":{"rendered":"Fale conosco"},"content":{"rendered":"<!-- Meta Pixel Code -->\n<script>\n!function(f,b,e,v,n,t,s)\n{if(f.fbq)return;n=f.fbq=function(){n.callMethod?\nn.callMethod.apply(n,arguments):n.queue.push(arguments)};\nif(!f._fbq)f._fbq=n;n.push=n;n.loaded=!0;n.version='2.0';\nn.queue=[];t=b.createElement(e);t.async=!0;\nt.src=v;s=b.getElementsByTagName(e)[0];\ns.parentNode.insertBefore(t,s)}(window, document,'script',\n'https:\/\/connect.facebook.net\/en_US\/fbevents.js');\nfbq('init', '1285067463161593');\nfbq('track', 'PageView');\n<\/script>\n<noscript><img height=\"1\" width=\"1\" style=\"display:none\"\nsrc=\"https:\/\/www.facebook.com\/tr?id=1285067463161593&#038;ev=PageView&#038;noscript=1\"\n\/><\/noscript>\n<!-- End Meta Pixel Code -->\n\n\n<div class=\"wp-block-group alignwide has-global-padding is-layout-constrained wp-block-group-is-layout-constrained\">\n<div class=\"wp-block-columns is-layout-flex wp-container-core-columns-is-layout-28f84493 wp-block-columns-is-layout-flex\">\n<div class=\"wp-block-column is-layout-flow wp-block-column-is-layout-flow\">\n<div class=\"wpcf7 no-js\" id=\"wpcf7-f102-o1\" lang=\"pt-BR\" dir=\"ltr\" data-wpcf7-id=\"102\">\n<div class=\"screen-reader-response\"><p role=\"status\" aria-live=\"polite\" aria-atomic=\"true\"><\/p> <ul><\/ul><\/div>\n<form action=\"\/index.php?rest_route=%2Fwp%2Fv2%2Fpages%2F101#wpcf7-f102-o1\" method=\"post\" class=\"wpcf7-form init\" aria-label=\"Formul\u00e1rios de contato\" novalidate=\"novalidate\" data-status=\"init\">\n<fieldset class=\"hidden-fields-container\"><input type=\"hidden\" name=\"_wpcf7\" value=\"102\" \/><input type=\"hidden\" name=\"_wpcf7_version\" value=\"6.1.3\" \/><input type=\"hidden\" name=\"_wpcf7_locale\" value=\"pt_BR\" \/><input type=\"hidden\" name=\"_wpcf7_unit_tag\" value=\"wpcf7-f102-o1\" \/><input type=\"hidden\" name=\"_wpcf7_container_post\" value=\"0\" \/><input type=\"hidden\" name=\"_wpcf7_posted_data_hash\" value=\"\" \/>\n<\/fieldset>\n<p><label> Seu nome<br \/>\n<span class=\"wpcf7-form-control-wrap\" data-name=\"your-name\"><input size=\"40\" maxlength=\"400\" class=\"wpcf7-form-control wpcf7-text wpcf7-validates-as-required\" autocomplete=\"name\" aria-required=\"true\" aria-invalid=\"false\" value=\"\" type=\"text\" name=\"your-name\" \/><\/span> <\/label>\n<\/p>\n<p><label> Seu e-mail<br \/>\n<span class=\"wpcf7-form-control-wrap\" data-name=\"your-email\"><input size=\"40\" maxlength=\"400\" class=\"wpcf7-form-control wpcf7-email wpcf7-validates-as-required wpcf7-text wpcf7-validates-as-email\" autocomplete=\"email\" aria-required=\"true\" aria-invalid=\"false\" value=\"\" type=\"email\" name=\"your-email\" \/><\/span> <\/label>\n<\/p>\n<p><label> Assunto<br \/>\n<span class=\"wpcf7-form-control-wrap\" data-name=\"your-subject\"><input size=\"40\" maxlength=\"400\" class=\"wpcf7-form-control wpcf7-text wpcf7-validates-as-required\" aria-required=\"true\" aria-invalid=\"false\" value=\"\" type=\"text\" name=\"your-subject\" \/><\/span> <\/label>\n<\/p>\n<p><label> Sua mensagem (opcional)<br \/>\n<span class=\"wpcf7-form-control-wrap\" data-name=\"your-message\"><textarea cols=\"40\" rows=\"10\" maxlength=\"2000\" class=\"wpcf7-form-control wpcf7-textarea\" aria-invalid=\"false\" name=\"your-message\"><\/textarea><\/span> <\/label>\n<\/p>\n<p><input class=\"wpcf7-form-control wpcf7-submit has-spinner\" type=\"submit\" value=\"Enviar\" \/>\n<\/p><div class=\"wpcf7-response-output\" aria-hidden=\"true\"><\/div>\n<\/form>\n<\/div>\n\n\n\n\n<p class=\"has-small-font-size\"><em>Seus dados est\u00e3o seguros conforme nossa [<a href=\"https:\/\/editarmidiaearte.com.br\/?page_id=3\" data-type=\"page\" data-id=\"3\">Pol\u00edtica de Privacidade<\/a>].<\/em><\/p>\n\n\n\n<h2 class=\"wp-block-heading has-body-font-family has-medium-font-size\"><strong>Telefone \/ WhatsApp:<\/strong>  79 99100-7699<\/h2>\n\n\n\n<p class=\"has-medium-font-size\"><strong>E-mail:  <\/strong>contato@editarmidiaearte.com.br<\/p>\n<\/div>\n\n\n\n<div class=\"wp-block-column is-layout-flow wp-block-column-is-layout-flow\">\n<figure class=\"wp-block-image size-large\"><img loading=\"lazy\" decoding=\"async\" width=\"1024\" height=\"1024\" src=\"https:\/\/editarmidiaearte.com.br\/wp-content\/uploads\/2025\/10\/1x1-white-1024x1024.webp\" alt=\"\" class=\"wp-image-254\" srcset=\"https:\/\/editarmidiaearte.com.br\/wp-content\/uploads\/2025\/10\/1x1-white-1024x1024.webp 1024w, https:\/\/editarmidiaearte.com.br\/wp-content\/uploads\/2025\/10\/1x1-white-300x300.webp 300w, https:\/\/editarmidiaearte.com.br\/wp-content\/uploads\/2025\/10\/1x1-white-150x150.webp 150w, https:\/\/editarmidiaearte.com.br\/wp-content\/uploads\/2025\/10\/1x1-white-768x768.webp 768w, https:\/\/editarmidiaearte.com.br\/wp-content\/uploads\/2025\/10\/1x1-white.webp 1080w\" sizes=\"auto, (max-width: 1024px) 100vw, 1024px\" \/><\/figure>\n\n\n\n<h1 class=\"wp-block-heading alignwide has-body-font-family has-medium-font-size\" style=\"line-height:1.2\">Gratos pelo seu interesse, escolha a forma mais conveniente para entrar em contato, ser\u00e1 uma satisfa\u00e7\u00e3o atend\u00ea-lo(a)<\/h1>\n<\/div>\n<\/div>\n<\/div>\n\n\n\n<p><\/p>\n","protected":false},"excerpt":{"rendered":"<p>Seus dados est\u00e3o seguros conforme nossa [Pol\u00edtica de Privacidade]. Telefone \/ WhatsApp: 79 99100-7699 E-mail: contato@editarmidiaearte.com.br Gratos pelo seu interesse, escolha a forma mais conveniente para entrar em contato, ser\u00e1 uma satisfa\u00e7\u00e3o atend\u00ea-lo(a)<\/p>\n","protected":false},"author":1,"featured_media":0,"parent":0,"menu_order":0,"comment_status":"closed","ping_status":"closed","template":"","meta":{"footnotes":""},"class_list":["post-101","page","type-page","status-publish","hentry"],"_links":{"self":[{"href":"https:\/\/editarmidiaearte.com.br\/index.php?rest_route=\/wp\/v2\/pages\/101","targetHints":{"allow":["GET"]}}],"collection":[{"href":"https:\/\/editarmidiaearte.com.br\/index.php?rest_route=\/wp\/v2\/pages"}],"about":[{"href":"https:\/\/editarmidiaearte.com.br\/index.php?rest_route=\/wp\/v2\/types\/page"}],"author":[{"embeddable":true,"href":"https:\/\/editarmidiaearte.com.br\/index.php?rest_route=\/wp\/v2\/users\/1"}],"replies":[{"embeddable":true,"href":"https:\/\/editarmidiaearte.com.br\/index.php?rest_route=%2Fwp%2Fv2%2Fcomments&post=101"}],"version-history":[{"count":7,"href":"https:\/\/editarmidiaearte.com.br\/index.php?rest_route=\/wp\/v2\/pages\/101\/revisions"}],"predecessor-version":[{"id":255,"href":"https:\/\/editarmidiaearte.com.br\/index.php?rest_route=\/wp\/v2\/pages\/101\/revisions\/255"}],"wp:attachment":[{"href":"https:\/\/editarmidiaearte.com.br\/index.php?rest_route=%2Fwp%2Fv2%2Fmedia&parent=101"}],"curies":[{"name":"wp","href":"https:\/\/api.w.org\/{rel}","templated":true}]}}